{"id":3,"date":"2022-05-10T08:58:09","date_gmt":"2022-05-10T08:58:09","guid":{"rendered":"https:\/\/wpe-nginx.pixeltypen.de\/?page_id=3"},"modified":"2024-08-29T14:42:45","modified_gmt":"2024-08-29T14:42:45","slug":"datenschutz","status":"publish","type":"page","link":"https:\/\/wmc-metal.com\/en\/datenschutz\/","title":{"rendered":"Privacy"},"content":{"rendered":"<div data-elementor-type=\"wp-page\" data-elementor-id=\"3\" class=\"elementor elementor-3\" data-elementor-post-type=\"page\">\n\t\t\t\t\t\t<section class=\"elementor-section elementor-top-section elementor-element elementor-element-be56c56 elementor-section-boxed elementor-section-height-default elementor-section-height-default\" data-id=\"be56c56\" data-element_type=\"section\" data-e-type=\"section\">\n\t\t\t\t\t\t<div class=\"elementor-container elementor-column-gap-default\">\n\t\t\t\t\t<div class=\"elementor-column elementor-col-100 elementor-top-column elementor-element elementor-element-779d3db\" data-id=\"779d3db\" data-element_type=\"column\" data-e-type=\"column\">\n\t\t\t<div class=\"elementor-widget-wrap elementor-element-populated\">\n\t\t\t\t\t\t<div class=\"elementor-element elementor-element-3f4a147 elementor-widget elementor-widget-heading\" data-id=\"3f4a147\" data-element_type=\"widget\" data-e-type=\"widget\" data-widget_type=\"heading.default\">\n\t\t\t\t<div class=\"elementor-widget-container\">\n\t\t\t\t\t<h2 class=\"elementor-heading-title elementor-size-default\">Privacy<\/h2>\t\t\t\t<\/div>\n\t\t\t\t<\/div>\n\t\t\t\t<div class=\"elementor-element elementor-element-de3fb46 elementor-widget elementor-widget-text-editor\" data-id=\"de3fb46\" data-element_type=\"widget\" data-e-type=\"widget\" data-widget_type=\"text-editor.default\">\n\t\t\t\t<div class=\"elementor-widget-container\">\n\t\t\t\t\t\t\t\t\t<h3>1. data protection at a glance<\/h3>\n<h4>General notes<\/h4>\n<p>The following notes provide a simple overview of what happens with your personal data<br>happens when you visit this website. Personal data is any data with which you personally<br>can be identified. For detailed information on the subject of data protection, please refer to our website at<br>privacy policy set forth in this text.<\/p>\n<h4>Data collection on this website<\/h4>\n<h5>Who is responsible for the data collection on this website?<\/h5>\n<p>Data processing on this website is carried out by the website operator. You can find his contact details in the<br>For more information, please refer to the section \"Notice about the Controller\" in this Privacy Policy.<\/p>\n<h5>How do we collect your data?<\/h5>\n<p>On the one hand, your data is collected when you provide it to us. This may, for example, be data<br>that you enter in a contact form.<\/p>\n<p>Other data is collected automatically or after your consent when you visit the website by our IT systems.<br>This is primarily technical data (e.g. internet browser, operating system or time of the page view). The<br>Collection of this data occurs automatically as soon as you enter this website.<\/p>\n<h5>What do we use your data for?<\/h5>\n<p>Part of the data is collected to ensure error-free provision of the website. Other data<br>may be used to analyze your user behavior.<\/p>\n<h5>What rights do you have regarding your data?<\/h5>\n<p>You have the right at any time, free of charge, to obtain information about the origin, recipient and purpose of your<br>stored personal data. You also have a right to request the correction or<br>request deletion of this data. If you have given your consent to data processing, you can<br>you revoke this consent at any time for the future. You also have the right to withdraw your consent at<br>to request the restriction of the processing of your personal data in certain circumstances. Des<br>Furthermore, you have the right to lodge a complaint with the competent supervisory authority.<\/p>\n<p>You can contact us at any time with regard to this and other questions on the subject of data protection.<\/p>\n<h3>2 General notes and mandatory information<\/h3>\n<h4>Privacy<\/h4>\n<p>The operators of these pages take the protection of your personal data very seriously. We treat your<br>personal data confidentially and in accordance with the statutory data protection provisions and this<br>Privacy Policy.<\/p>\n<p>When you use this website, various personal data are collected. Personal data are<br>Data that can be used to identify you personally. This privacy policy<br>explains what data we collect and what we use it for. It also explains how and for what<br>Purpose that happens.<\/p>\n<p>We would like to point out that data transmission over the Internet (e.g. when communicating by e-mail)<br>may have security gaps. A complete protection of data against access by third parties is not possible.<br>possible.<\/p>\n<h4>Note on the responsible entity<\/h4>\n<p>The responsible party for data processing on this website is:<\/p>\n<p>Wagner Metal Concept GmbH<br>Pinselgraben 2-4<br>93476 Blaibach<\/p>\n<p>Phone: 09941770030<br>Email: <a href=\"mailto:datenschutz@wmc-metal.com\" target=\"_blank\" rel=\"noopener noreferrer\">datenschutz@wmc-metal.com<\/a><\/p>\n<p>The responsible entity is the natural or legal person who, alone or jointly with others<br>on the purposes and means of the processing of personal data (e.g. names, e-mail addresses, etc.).<br>\u00c4.) decides.<\/p>\n<h4>Storage duration<\/h4>\n<p>Unless a more specific retention period has been specified within this privacy policy, your<br>personal data with us until the purpose for the data processing no longer applies. If you have a<br>legitimate request for deletion or revoke consent to data processing, your data will be deleted from the<br>deleted, unless we have other legally permissible reasons for storing your data.<br>personal data (e.g. retention periods under tax or commercial law); in the latter case, the data<br>case, the deletion takes place after these reasons cease to exist.<\/p>\n<h4>General information on the legal basis for data processing on this website<\/h4>\n<p>If you have consented to the data processing, we process your personal data on the basis of<br>of Art. 6 (1) lit. a DSGVO or Art. 9 (2) lit. a DSGVO, if special categories of data pursuant to Art. 9 (1)<br>DSGVO are processed. In the event of explicit consent to the transfer of personal<br>data in third countries, the data processing is also carried out on the basis of Art. 49 (1) lit. a DSGVO.<br>If you consent to the storage of cookies or access to information in your end device (e.g. via<br>device fingerprinting), the data processing is also carried out on the basis of Section 25 of the German Data Protection Act.<br>para. 1 TDDDG. Consent can be revoked at any time. If your data is required for the fulfillment of a contract or<br>implementation of pre-contractual measures, we process your data on the basis of Art. 6<br>Paragraph 1 lit. b DSGVO. Furthermore, we process your data if this is necessary for the fulfillment of a legal obligation.<br>obligation are required on the basis of Art. 6 para. 1 lit. c DSGVO. The data processing may further be based on<br>basis of our legitimate interest according to Art. 6 para. 1 lit. f DSGVO. About the respective in the<br>legal basis relevant to the individual case is explained in the following paragraphs of this privacy policy.<br>informs.<\/p>\n<h4>Revocation of your consent to data processing<\/h4>\n<p>Many data processing operations are only possible with your express consent. You<br>can revoke consent already given at any time. The legality of the data collected until<br>revocation remains unaffected by the revocation.<\/p>\n<h4>Right to object to data collection in special cases and to direct marketing (Art. 21 DSGVO)<\/h4>\n<p>IF THE DATA PROCESSING IS CARRIED OUT ON THE BASIS OF ART. 6 ABS. 1 LIT. E OR F DSGVO, YOU HAVE AT ANY TIME THE RIGHT TO<br>RIGHT TO OBJECT TO THE PROCESSING OF YOUR PERSONAL DATA FOR REASONS ARISING FROM YOUR PARTICULAR SITUATION.<br>THIS ALSO APPLIES TO AN OBJECTION BASED ON THESE PROVISIONS.<br>PROFILING. THE RESPECTIVE LEGAL BASIS ON WHICH A PROCESSING IS BASED, YOU CAN FIND IN THIS<br>PRIVACY STATEMENT. IF YOU OBJECT, WE WILL NOT USE YOUR PERSONAL DATA CONCERNED TO<br>PROCESS THEM, UNLESS WE CAN DEMONSTRATE COMPELLING LEGITIMATE GROUNDS FOR DOING SO.<br>DEMONSTRATE THAT THEIR INTERESTS, RIGHTS AND FREEDOMS ARE OVERRIDDEN OR THAT THE PROCESSING SERVES THE PURPOSE OF<br>ASSERTION, EXERCISE OR DEFENSE OF LEGAL CLAIMS (OBJECTION UNDER ARTICLE 21(1) DSGVO).<\/p>\n<p>IF YOUR PERSONAL DATA ARE PROCESSED FOR THE PURPOSE OF DIRECT MARKETING, YOU HAVE THE RIGHT TO OBTAIN AT ANY TIME<br>OBJECTION TO THE PROCESSING OF PERSONAL DATA CONCERNING YOU FOR THE PURPOSE OF SUCH ADVERTISING<br>THIS ALSO APPLIES TO PROFILING INSOFAR AS IT IS CONNECTED WITH SUCH DIRECT ADVERTISING. IF YOU<br>IF YOU OBJECT, YOUR PERSONAL DATA WILL SUBSEQUENTLY NO LONGER BE USED FOR THE PURPOSE OF DIRECT ADVERTISING<br>(OBJECTION PURSUANT TO ART. 21 PARA. 2 DSGVO).<\/p>\n<h4>Right of complaint to the competent supervisory authority<\/h4>\n<p>In the event of breaches of the GDPR, the data subjects shall have a right of appeal to a<br>supervisory authority, in particular in the Member State of their habitual residence, place of work<br>or the location of the alleged infringement. The right of appeal exists without prejudice to other<br>administrative or judicial remedies.<\/p>\n<h4>Right to data portability<\/h4>\n<p>You have the right to withdraw data that we have collected on the basis of your consent or in performance of a contract.<br>automated, to itself or to a third party in a common, machine-readable format.<br>to have it handed over. If you request the direct transfer of the data to another controller, we will<br>this will only be done insofar as it is technically feasible.<\/p>\n<h4>Information, deletion and correction<\/h4>\n<p>Within the framework of the applicable legal provisions, you have the right at any time to free information about<br>Your stored personal data, their origin and recipient and the purpose of the data processing<br>and, if applicable, a right to correction or deletion of this data. For this and other questions on the subject<br>personal data, you can contact us at any time.<\/p>\n<h4>Right to restriction of processing<\/h4>\n<p>You have the right to request the restriction of the processing of your personal data. For this purpose<br>you can contact us at any time. The right to restriction of processing exists in the following<br>Cases:<\/p>\n<ul>\n<li>If you dispute the accuracy of your personal data stored by us, we will require in<br>usually time to check this. For the duration of the review you have the right to<br>Request restriction of the processing of your personal data.<\/li>\n<li>If the processing of your personal data has happened\/is happening unlawfully, you can<br>demand the restriction of data processing instead of deletion.<\/li>\n<li>If we no longer need your personal data, but you wish to use it for the exercise, defense<br>or assertion of legal claims, you have the right, instead of the deletion, to request the<br>Request restriction of the processing of your personal data.<\/li>\n<li>If you have lodged an objection pursuant to Art. 21 (1) DSGVO, a balancing must be carried out between your and<br>our interests. As long as it has not yet been determined whose interests predominate, we have<br>You have the right to request the restriction of the processing of your personal data.<\/li>\n<\/ul>\n<p>If you have restricted the processing of your personal data, this data may - from<br>only with your consent or for the purpose of asserting, exercising or<br>defense of legal claims or to protect the rights of another natural or legal person.<br>person or for reasons of important public interest of the European Union or of a<br>Member State are processed.<\/p>\n<h4>SSL or TLS encryption<\/h4>\n<p>For security reasons and to protect the transmission of confidential content, this site uses<br>For example, orders or requests that you send to us as the site operator, an SSL or<br>TLS encryption. You can recognize an encrypted connection by the fact that the address line of the browser shows<br>changes from \"http:\/\/\" to \"https:\/\/\" and by the lock icon in your browser bar.<\/p>\n<p>If SSL or TLS encryption is enabled, the data you transmit to us,<br>not be read by third parties.<\/p>\n<h4>Objection to advertising e-mails<\/h4>\n<p>The use of contact data published within the scope of the imprint obligation for the transmission of not<br>expressly requested advertising and information materials is hereby contradicted. The operators of the<br>pages expressly reserve the right to take legal action in the event of unsolicited sending of<br>advertising information, for example through spam e-mails.<\/p>\n<h3>3. data collection on this website<\/h3>\n<h4>Cookies<\/h4>\n<p>Our Internet pages use so-called \"cookies\". Cookies are small text files and are set up on<br>do no harm to your terminal device. You will either be temporarily blocked for the duration of a session<br>(session cookies) or permanently (permanent cookies) stored on your terminal device. Session cookies are<br>automatically deleted after the end of your visit. Permanent cookies remain stored on your terminal device,<br>until you delete them yourself or they are automatically deleted by your web browser.<\/p>\n<p>In some cases, cookies from third-party companies may also be stored on your terminal device when you use our<br>Page are entered (third-party cookies). These enable us or you to use certain services<br>of the third-party company (e.g. cookies for processing payment services).<\/p>\n<p>Cookies have various functions. Numerous cookies are technically necessary, as certain website functions<br>would not work without them (e.g. the shopping cart function or the display of videos). Other<br>Cookies are used to evaluate user behavior or to display advertising.<\/p>\n<p>Cookies, which are used to carry out the electronic communication process, to provide certain information required by<br>functions you require (e.g. for the shopping cart function) or to optimize the website<br>(e.g. cookies for measuring the web audience) are required (necessary cookies), are stored on the basis of<br>Art. 6 para. 1 lit. f DSGVO stored, unless another legal basis is specified. The website operator has<br>a legitimate interest in the storage of necessary cookies for technically error-free and optimized<br>Provision of its services. Insofar as consent to the storage of cookies and comparable<br>recognition technologies, the processing is carried out exclusively on the basis of these<br>Consent (Art. 6 para. 1 lit. a GDPR and \u00a7 25 para. 1 TDDDG); consent can be revoked at any time.<\/p>\n<p>You can set your browser so that you are informed about the setting of cookies and cookies are<br>only allow cookies in individual cases, exclude the acceptance of cookies for certain cases or in general<br>as well as activate the automatic deletion of cookies when closing the browser. When deactivating<br>of cookies, the functionality of this website may be limited.<\/p>\n<p>Insofar as cookies are used by third-party companies or for analysis purposes, we will inform you of this as part of the<br>of this privacy policy separately and, if necessary, request consent.<\/p>\n<h4 style=\"font-variant-ligatures: normal; font-variant-caps: normal; font-family: Roboto, sans-serif; font-style: normal; color: #ffffff;\">COOKIE consent with<br>Borlabs cookie<\/h4>\n<p><span style=\"font-size: 14px; background-color: var( --e-global-color-text ); color: var( --e-global-color-primary );\">Our website uses the cookie consent technology of Borlabs Cookie to obtain your consent to the storage of certain cookies in your browser and to document this in accordance with data protection law. The provider of this technology is Borlabs - Benjamin A. Bornschein, R\u00fcbenkamp 32, 22305 Hamburg (hereinafter Borlabs).<\/span><\/p>\n<p>When you enter our website, a Borlabs cookie is stored in your browser, which stores the consents you have given or the revocation of these consents. This data is not shared with the Borlabs cookie provider.<\/p>\n<p>The collected data will be stored until you request us to delete it or delete the Borlabs cookie yourself, or until the purpose for storing the data no longer applies. Mandatory legal retention periods remain unaffected. Details on the data processing of Borlabs Cookie can be found at:&nbsp;<a href=\"https:\/\/de.borlabs.io\/kb\/welche-daten-speichert-borlabs-cookie\" target=\"_blank\" rel=\"noopener\">https:\/\/de.borlabs.io\/kb\/welche-daten-speichert-borlabs-cookie\/<\/a><span style=\"font-size: 14px; background-color: var( --e-global-color-text ); color: var( --e-global-color-primary );\">.<\/span><\/p>\n<p><span style=\"font-size: 14px; background-color: var( --e-global-color-text ); color: var( --e-global-color-primary );\">The use of Borlabs cookie consent technology takes place in order to obtain the legally required consent for the use of cookies. The legal basis for this is Art. 6 para. 1 p. 1 lit. c DSGVO.<\/span><\/p>\n<h4>Server log files<\/h4>\n<p>The provider of the pages automatically collects and stores information in so-called server log files, which your<br>Browser automatically transmitted to us. These are:<\/p>\n<ul>\n<li>Browser type and version<\/li>\n<li>Operating system used<\/li>\n<li>Referrer URL<\/li>\n<li>Host name of the accessing computer<\/li>\n<li>Time of the server request<\/li>\n<li>IP address<\/li>\n<\/ul>\n<p>This data is not merged with other data sources.<\/p>\n<p>The collection of this data is based on Art. 6 para. 1 lit. f DSGVO. The website operator has a<br>legitimate interest in the technically error-free presentation and optimization of its website - for this purpose<br>the server log files must be recorded.<\/p>\n<h4>Contact form<\/h4>\n<p>If you send us inquiries via the contact form, your data from the inquiry form including the<br>contact data provided by you there for the purpose of processing the inquiry and in the event of follow-up questions.<br>stored by us. We do not pass on this data without your consent.<\/p>\n<p>The processing of this data is based on Art. 6 para. 1 lit. b DSGVO, provided that your request is related to the<br>fulfillment of a contract or for the performance of pre-contractual measures.<br>is necessary. In all other cases, the processing is based on our legitimate interest in<br>the effective processing of requests addressed to us (Art. 6 para. 1 lit. f DSGVO) or based on your consent<br>(Art. 6 para. 1 lit. a DSGVO) if this was requested; the consent can be revoked at any time.<\/p>\n<p>The data you enter in the contact form will remain with us until you request us to delete it,<br>you withdraw your consent to storage or the purpose for data storage no longer applies (e.g.<br>after the processing of your request has been completed). Mandatory legal provisions - in particular<br>retention periods - remain unaffected.<\/p>\n<h4>Request by e-mail, phone or fax<\/h4>\n<p>If you contact us by e-mail, telephone or fax, your inquiry including all resulting<br>personal data (name, request) for the purpose of processing your request stored by us and<br>processed. We do not share this data without your consent.<\/p>\n<p>The processing of this data is based on Art. 6 para. 1 lit. b DSGVO, provided that your request is related to the<br>fulfillment of a contract or for the performance of pre-contractual measures.<br>is necessary. In all other cases, the processing is based on our legitimate interest in<br>the effective processing of requests addressed to us (Art. 6 para. 1 lit. f DSGVO) or based on your consent<br>(Art. 6 para. 1 lit. a DSGVO) if this was requested; the consent can be revoked at any time.<\/p>\n<p>The data you send to us via contact requests will remain with us until you ask us to delete it.<br>revoke your consent to the storage or the purpose for storing the data no longer applies.<br>(e.g. after your request has been processed). Mandatory legal provisions -<br>in particular statutory retention periods - shall remain unaffected.<\/p>\n<p>Source: <a href=\"https:\/\/www.e-recht24.de\">https:\/\/www.e-recht24.de<\/a><\/p>\t\t\t\t\t\t\t\t<\/div>\n\t\t\t\t<\/div>\n\t\t\t\t\t<\/div>\n\t\t<\/div>\n\t\t\t\t\t<\/div>\n\t\t<\/section>\n\t\t\t\t<\/div>","protected":false},"excerpt":{"rendered":"<p>Datenschutz 1. Datenschutz auf einen Blick Allgemeine Hinweise Die folgenden Hinweise geben einen einfachen \u00dcberblick dar\u00fcber, was mit Ihren personenbezogenen Datenpassiert, wenn Sie diese Website besuchen. Personenbezogene Daten sind alle Daten, mit denen Sie pers\u00f6nlichidentifiziert werden k\u00f6nnen. Ausf\u00fchrliche Informationen zum Thema Datenschutz entnehmen Sie unserer unterdiesem Text aufgef\u00fchrten Datenschutzerkl\u00e4rung. Datenerfassung auf dieser Website Wer ist [&hellip;]<\/p>\n","protected":false},"author":1,"featured_media":0,"parent":0,"menu_order":0,"comment_status":"closed","ping_status":"closed","template":"","meta":{"inline_featured_image":false,"footnotes":""},"class_list":["post-3","page","type-page","status-publish","hentry","entry"],"_links":{"self":[{"href":"https:\/\/wmc-metal.com\/en\/wp-json\/wp\/v2\/pages\/3","targetHints":{"allow":["GET"]}}],"collection":[{"href":"https:\/\/wmc-metal.com\/en\/wp-json\/wp\/v2\/pages"}],"about":[{"href":"https:\/\/wmc-metal.com\/en\/wp-json\/wp\/v2\/types\/page"}],"author":[{"embeddable":true,"href":"https:\/\/wmc-metal.com\/en\/wp-json\/wp\/v2\/users\/1"}],"replies":[{"embeddable":true,"href":"https:\/\/wmc-metal.com\/en\/wp-json\/wp\/v2\/comments?post=3"}],"version-history":[{"count":20,"href":"https:\/\/wmc-metal.com\/en\/wp-json\/wp\/v2\/pages\/3\/revisions"}],"predecessor-version":[{"id":1368,"href":"https:\/\/wmc-metal.com\/en\/wp-json\/wp\/v2\/pages\/3\/revisions\/1368"}],"wp:attachment":[{"href":"https:\/\/wmc-metal.com\/en\/wp-json\/wp\/v2\/media?parent=3"}],"curies":[{"name":"wp","href":"https:\/\/api.w.org\/{rel}","templated":true}]}}