{"id":27,"date":"2022-08-17T14:02:14","date_gmt":"2022-08-17T14:02:14","guid":{"rendered":"https:\/\/wpe-nginx.pixeltypen.de\/?page_id=27"},"modified":"2024-08-29T14:43:32","modified_gmt":"2024-08-29T14:43:32","slug":"impressum","status":"publish","type":"page","link":"https:\/\/wmc-metal.com\/cz\/impressum\/","title":{"rendered":"Otisk"},"content":{"rendered":"<div data-elementor-type=\"wp-page\" data-elementor-id=\"27\" class=\"elementor elementor-27\" data-elementor-post-type=\"page\">\n\t\t\t\t\t\t<section class=\"elementor-section elementor-top-section elementor-element elementor-element-b90cedc elementor-section-boxed elementor-section-height-default elementor-section-height-default\" data-id=\"b90cedc\" data-element_type=\"section\" data-e-type=\"section\">\n\t\t\t\t\t\t<div class=\"elementor-container elementor-column-gap-default\">\n\t\t\t\t\t<div class=\"elementor-column elementor-col-100 elementor-top-column elementor-element elementor-element-73edbd5\" data-id=\"73edbd5\" data-element_type=\"column\" data-e-type=\"column\">\n\t\t\t<div class=\"elementor-widget-wrap elementor-element-populated\">\n\t\t\t\t\t\t<div class=\"elementor-element elementor-element-767d9e1 elementor-widget elementor-widget-heading\" data-id=\"767d9e1\" data-element_type=\"widget\" data-e-type=\"widget\" data-widget_type=\"heading.default\">\n\t\t\t\t<div class=\"elementor-widget-container\">\n\t\t\t\t\t<h2 class=\"elementor-heading-title elementor-size-default\">Otisk<\/h2>\t\t\t\t<\/div>\n\t\t\t\t<\/div>\n\t\t\t\t<div class=\"elementor-element elementor-element-5892d17 elementor-widget elementor-widget-text-editor\" data-id=\"5892d17\" data-element_type=\"widget\" data-e-type=\"widget\" data-widget_type=\"text-editor.default\">\n\t\t\t\t<div class=\"elementor-widget-container\">\n\t\t\t\t\t\t\t\t\t<p>Wagner Metal Concept GmbH<br \/>K\u0159ovinov\u00fd p\u0159\u00edkop 2-4<br \/>93476 Blaibach<\/p><p>Obchodn\u00ed rejst\u0159\u00edk: HRB 7965<br \/>Rejst\u0159\u00edkov\u00fd soud: M\u00edstn\u00ed soud v Regensburgu<\/p><p><strong>Zastoupen\u00e1:<\/strong><br \/>Christa Costa-Wagner<\/p><h4>Kontakt<\/h4><p>Telefon: <a href=\"tel:+499941770030\">+499941770030<\/a><br \/>Fax: +4999417700320<br \/>E-mail: <a href=\"mailto:info@wmc-metal.com\">info@wmc-metal.com<\/a><\/p><h4>DI\u010c PRO DPH<\/h4><p>Identifika\u010dn\u00ed \u010d\u00edslo pro da\u0148 z obratu podle \u00a7 27a z\u00e1kona o dani z obratu:<br \/>DE212880655<\/p><h4>Redak\u010dn\u00ed odpov\u011bdnost<\/h4><p>Typy pixel\u016f <br \/>Sporerweg 3b, 94234 Viechtach<\/p><h4>\u0158e\u0161en\u00ed spor\u016f v EU<\/h4><p>Evropsk\u00e1 komise poskytuje platformu pro online \u0159e\u0161en\u00ed spor\u016f (ODR): <a href=\"https:\/\/ec.europa.eu\/consumers\/odr\/\" target=\"_blank\" rel=\"noopener noreferrer\">https:\/\/ec.europa.eu\/consumers\/odr\/<\/a>.<br \/>Na\u0161i e-mailovou adresu najdete v\u00fd\u0161e<br \/>v otisku.<\/p><h4>\u0158e\u0161en\u00ed spot\u0159ebitelsk\u00fdch spor\u016f\/Univerz\u00e1ln\u00ed rozhod\u010d\u00ed komise<\/h4><p>Nejsme ochotni ani povinni \u00fa\u010dastnit se \u0159\u00edzen\u00ed o \u0159e\u0161en\u00ed spor\u016f p\u0159ed spot\u0159ebitelskou rozhod\u010d\u00ed komis\u00ed.<br \/>\u00fa\u010dastnit.<\/p><p>Zdroj: <a href=\"https:\/\/www.e-recht24.de\/impressum-generator.html\">https:\/\/www.e-recht24.de\/impressum-generator.html<\/a><\/p>\t\t\t\t\t\t\t\t<\/div>\n\t\t\t\t<\/div>\n\t\t\t\t\t<\/div>\n\t\t<\/div>\n\t\t\t\t\t<\/div>\n\t\t<\/section>\n\t\t\t\t<\/div>","protected":false},"excerpt":{"rendered":"<p>Impressum Wagner Metall Concept GmbHPinselgraben 2-493476 Blaibach Handelsregister: HRB 7965Registergericht: Amtsgericht Regensburg Vertreten durch:Christa Costa-Wagner Kontakt Telefon: +499941770030Telefax: +4999417700320E-Mail: info@wmc-metal.com Umsatzsteuer-ID Umsatzsteuer-Identifikationsnummer gem\u00e4\u00df \u00a7 27 a Umsatzsteuergesetz:DE212880655 Redaktionell verantwortlich Pixeltypen Sporerweg 3b, 94234 Viechtach EU-Streitschlichtung Die Europ\u00e4ische Kommission stellt eine Plattform zur Online-Streitbeilegung (OS) bereit: https:\/\/ec.europa.eu\/consumers\/odr\/.Unsere E-Mail-Adresse finden Sie obenim Impressum. Verbraucher\u00adstreit\u00adbeilegung\/Universal\u00adschlichtungs\u00adstelle Wir sind nicht [&hellip;]<\/p>\n","protected":false},"author":1,"featured_media":0,"parent":0,"menu_order":0,"comment_status":"closed","ping_status":"closed","template":"","meta":{"inline_featured_image":false,"footnotes":""},"class_list":["post-27","page","type-page","status-publish","hentry","entry"],"_links":{"self":[{"href":"https:\/\/wmc-metal.com\/cz\/wp-json\/wp\/v2\/pages\/27","targetHints":{"allow":["GET"]}}],"collection":[{"href":"https:\/\/wmc-metal.com\/cz\/wp-json\/wp\/v2\/pages"}],"about":[{"href":"https:\/\/wmc-metal.com\/cz\/wp-json\/wp\/v2\/types\/page"}],"author":[{"embeddable":true,"href":"https:\/\/wmc-metal.com\/cz\/wp-json\/wp\/v2\/users\/1"}],"replies":[{"embeddable":true,"href":"https:\/\/wmc-metal.com\/cz\/wp-json\/wp\/v2\/comments?post=27"}],"version-history":[{"count":27,"href":"https:\/\/wmc-metal.com\/cz\/wp-json\/wp\/v2\/pages\/27\/revisions"}],"predecessor-version":[{"id":1374,"href":"https:\/\/wmc-metal.com\/cz\/wp-json\/wp\/v2\/pages\/27\/revisions\/1374"}],"wp:attachment":[{"href":"https:\/\/wmc-metal.com\/cz\/wp-json\/wp\/v2\/media?parent=27"}],"curies":[{"name":"wp","href":"https:\/\/api.w.org\/{rel}","templated":true}]}}